{"id":87,"date":"2021-02-03T16:46:38","date_gmt":"2021-02-03T15:46:38","guid":{"rendered":"http:\/\/refonte.azara.ma\/?page_id=87"},"modified":"2025-02-21T07:41:52","modified_gmt":"2025-02-21T06:41:52","slug":"gestion-deleguee-services-atlassian","status":"publish","type":"page","link":"https:\/\/azara.ma\/en\/gestion-deleguee-services-atlassian\/","title":{"rendered":"Gestion d\u00e9l\u00e9gu\u00e9e Services Atlassian"},"content":{"rendered":"[et_pb_section fb_built=\u00a0\u00bb1&Prime; custom_padding_last_edited=\u00a0\u00bbon|tablet\u00a0\u00bb admin_label=\u00a0\u00bbHeader\u00a0\u00bb _builder_version=\u00a0\u00bb4.4.8&Prime; use_background_color_gradient=\u00a0\u00bbon\u00a0\u00bb background_color_gradient_start=\u00a0\u00bb#0e4de3&Prime; background_color_gradient_end=\u00a0\u00bb#001b56&Prime; background_color_gradient_direction=\u00a0\u00bb230deg\u00a0\u00bb background_color_gradient_start_position=\u00a0\u00bb10%\u00a0\u00bb background_image=\u00a0\u00bbhttp:\/\/refonte.azara.ma\/wp-content\/uploads\/2021\/02\/robotics-05-1.png\u00a0\u00bb background_size=\u00a0\u00bbinitial\u00a0\u00bb background_position=\u00a0\u00bbbottom_right\u00a0\u00bb width=\u00a0\u00bb90%\u00a0\u00bb custom_margin=\u00a0\u00bb||6vw||false|false\u00a0\u00bb custom_margin_last_edited=\u00a0\u00bboff|tablet\u00a0\u00bb custom_padding=\u00a0\u00bb8vw||0px|10vw|false|false\u00a0\u00bb custom_padding_tablet=\u00a0\u00bb|10vw||10vw|false|true\u00a0\u00bb custom_padding_phone=\u00a0\u00bb\u00a0\u00bb locked=\u00a0\u00bboff\u00a0\u00bb][et_pb_row column_structure=\u00a0\u00bb3_5,2_5&Prime; _builder_version=\u00a0\u00bb4.7.7&Prime; width=\u00a0\u00bb100%\u00a0\u00bb hover_enabled=\u00a0\u00bb0&Prime; sticky_enabled=\u00a0\u00bb0&Prime;][et_pb_column type=\u00a0\u00bb3_5&Prime; _builder_version=\u00a0\u00bb4.4.7&Prime;][et_pb_text _builder_version=\u00a0\u00bb4.7.7&Prime; text_font=\u00a0\u00bbExo 2|||on|||||\u00a0\u00bb text_text_color=\u00a0\u00bb#fdba5f\u00a0\u00bb text_letter_spacing=\u00a0\u00bb1px\u00a0\u00bb]<p>Services<\/p>[\/et_pb_text][et_pb_text _builder_version=\u00a0\u00bb4.7.7&Prime; header_font=\u00a0\u00bbBungee Hairline|600|||||||\u00a0\u00bb header_font_size=\u00a0\u00bb60px\u00a0\u00bb background_layout=\u00a0\u00bbdark\u00a0\u00bb header_font_size_tablet=\u00a0\u00bb50px\u00a0\u00bb header_font_size_phone=\u00a0\u00bb40px\u00a0\u00bb header_font_size_last_edited=\u00a0\u00bbon|phone\u00a0\u00bb]<h1>Gestion d\u00e9l\u00e9gu\u00e9e des Services Atlassian<\/h1>[\/et_pb_text][et_pb_text _builder_version=\u00a0\u00bb4.7.7&Prime; text_font=\u00a0\u00bbPT Sans||||||||\u00a0\u00bb text_font_size=\u00a0\u00bb18px\u00a0\u00bb text_line_height=\u00a0\u00bb1.8em\u00a0\u00bb background_layout=\u00a0\u00bbdark\u00a0\u00bb max_width=\u00a0\u00bb500px\u00a0\u00bb hover_enabled=\u00a0\u00bb0&Prime; text_font_size_tablet=\u00a0\u00bb15px\u00a0\u00bb text_font_size_phone=\u00a0\u00bb14px\u00a0\u00bb text_font_size_last_edited=\u00a0\u00bbon|phone\u00a0\u00bb sticky_enabled=\u00a0\u00bb0&Prime;]<p>Pour les \u00e9quipes qui s&rsquo;appuient sur la pile d&rsquo;outils Atlassian pour le d\u00e9veloppement, la gestion de projet, la collaboration, etc., la performance et la fiabilit\u00e9 de leurs outils sont primordiaux.<\/p>\n[\/et_pb_text][\/et_pb_column][et_pb_column type=\u00a0\u00bb2_5&Prime; _builder_version=\u00a0\u00bb4.4.7&Prime;][et_pb_image src=\u00a0\u00bbhttp:\/\/refonte.azara.ma\/wp-content\/uploads\/2021\/02\/robotics-18.png\u00a0\u00bb title_text=\u00a0\u00bbrobotics-18&Prime; _builder_version=\u00a0\u00bb4.4.8&Prime; custom_margin=\u00a0\u00bb-8vw|-16vw|-16vw|-16vw|false|false\u00a0\u00bb custom_margin_tablet=\u00a0\u00bb0vw|0vw||0vw|false|false\u00a0\u00bb custom_margin_phone=\u00a0\u00bb\u00a0\u00bb custom_margin_last_edited=\u00a0\u00bbon|tablet\u00a0\u00bb scroll_vertical_motion_enable=\u00a0\u00bbon\u00a0\u00bb scroll_vertical_motion=\u00a0\u00bb0|50|50|100|2|0|-2&Prime;][\/et_pb_image][\/et_pb_column][\/et_pb_row][\/et_pb_section][et_pb_section fb_built=\u00a0\u00bb1&Prime; admin_label=\u00a0\u00bbServices\u00a0\u00bb _builder_version=\u00a0\u00bb4.4.8&Prime; locked=\u00a0\u00bboff\u00a0\u00bb][et_pb_row column_structure=\u00a0\u00bb1_2,1_2&Prime; _builder_version=\u00a0\u00bb4.4.8&Prime; locked=\u00a0\u00bboff\u00a0\u00bb][et_pb_column type=\u00a0\u00bb1_2&Prime; _builder_version=\u00a0\u00bb4.4.8&Prime;][et_pb_image src=\u00a0\u00bbhttp:\/\/refonte.azara.ma\/wp-content\/uploads\/2021\/02\/robotics-Illustration_15.png\u00a0\u00bb title_text=\u00a0\u00bbrobotics-Illustration_15&Prime; _builder_version=\u00a0\u00bb4.7.7&Prime; custom_margin=\u00a0\u00bb-100px|||-10vw|false|false\u00a0\u00bb custom_margin_tablet=\u00a0\u00bb\u00a0\u00bb custom_margin_phone=\u00a0\u00bb|||0vw|false|false\u00a0\u00bb custom_margin_last_edited=\u00a0\u00bbon|phone\u00a0\u00bb scroll_vertical_motion_enable=\u00a0\u00bbon\u00a0\u00bb scroll_vertical_motion=\u00a0\u00bb0|50|50|100|-1|0|1&Prime; hover_enabled=\u00a0\u00bb0&Prime; sticky_enabled=\u00a0\u00bb0&Prime;][\/et_pb_image][\/et_pb_column][et_pb_column type=\u00a0\u00bb1_2&Prime; _builder_version=\u00a0\u00bb4.4.8&Prime; custom_padding_tablet=\u00a0\u00bb\u00a0\u00bb custom_padding_phone=\u00a0\u00bb\u00a0\u00bb custom_padding_last_edited=\u00a0\u00bbon|tablet\u00a0\u00bb][et_pb_text _builder_version=\u00a0\u00bb4.4.8&Prime; text_font=\u00a0\u00bbExo 2|||on|||||\u00a0\u00bb text_text_color=\u00a0\u00bb#0e4de3&Prime; text_letter_spacing=\u00a0\u00bb1px\u00a0\u00bb text_orientation_tablet=\u00a0\u00bbcenter\u00a0\u00bb text_orientation_phone=\u00a0\u00bb\u00a0\u00bb text_orientation_last_edited=\u00a0\u00bbon|tablet\u00a0\u00bb locked=\u00a0\u00bboff\u00a0\u00bb]<p>Services<\/p>[\/et_pb_text][et_pb_text _builder_version=\u00a0\u00bb4.7.7&Prime; header_2_font=\u00a0\u00bbExo 2|600|||||||\u00a0\u00bb header_2_text_align=\u00a0\u00bbleft\u00a0\u00bb header_2_text_color=\u00a0\u00bb#001856&Prime; header_2_font_size=\u00a0\u00bb50px\u00a0\u00bb header_2_line_height=\u00a0\u00bb1.3em\u00a0\u00bb module_alignment=\u00a0\u00bbcenter\u00a0\u00bb custom_margin=\u00a0\u00bb||10px||false|false\u00a0\u00bb header_2_text_align_tablet=\u00a0\u00bbcenter\u00a0\u00bb header_2_text_align_phone=\u00a0\u00bb\u00a0\u00bb header_2_text_align_last_edited=\u00a0\u00bbon|tablet\u00a0\u00bb header_2_font_size_tablet=\u00a0\u00bb40px\u00a0\u00bb header_2_font_size_phone=\u00a0\u00bb30px\u00a0\u00bb header_2_font_size_last_edited=\u00a0\u00bbon|desktop\u00a0\u00bb]<h2>Pourquoi opter pour de la gestion d\u00e9l\u00e9gu\u00e9e ?<\/h2>[\/et_pb_text][et_pb_text _builder_version=\u00a0\u00bb4.7.7&Prime; text_font=\u00a0\u00bbPT Sans||||||||\u00a0\u00bb text_text_color=\u00a0\u00bb#62748a\u00a0\u00bb text_font_size=\u00a0\u00bb16px\u00a0\u00bb text_line_height=\u00a0\u00bb1.8em\u00a0\u00bb module_alignment=\u00a0\u00bbcenter\u00a0\u00bb text_orientation_tablet=\u00a0\u00bbcenter\u00a0\u00bb text_orientation_phone=\u00a0\u00bb\u00a0\u00bb text_orientation_last_edited=\u00a0\u00bbon|tablet\u00a0\u00bb]<p>Nos services enti\u00e8rement g\u00e9r\u00e9s de bout en bout pour les outils Atlassian aident \u00e0 r\u00e9duire les co\u00fbts, la complexit\u00e9 et les risques li\u00e9s \u00e0 l&rsquo;investissement de votre organisation dans les outils Atlassian &#8211; et \u00e0 assurer leur performance optimale pour vos utilisateurs.<\/p>[\/et_pb_text][\/et_pb_column][\/et_pb_row][et_pb_row column_structure=\u00a0\u00bb1_3,1_3,1_3&Prime; use_custom_gutter=\u00a0\u00bbon\u00a0\u00bb gutter_width=\u00a0\u00bb2&Prime; _builder_version=\u00a0\u00bb4.4.8&Prime;][et_pb_column type=\u00a0\u00bb1_3&Prime; _builder_version=\u00a0\u00bb4.4.8&Prime; background_color=\u00a0\u00bb#ffffff\u00a0\u00bb custom_padding=\u00a0\u00bb40px|30px|40px|30px|true|true\u00a0\u00bb border_radii=\u00a0\u00bbon|10px|10px|10px|10px\u00a0\u00bb box_shadow_style=\u00a0\u00bbpreset3&Prime; box_shadow_vertical=\u00a0\u00bb60px\u00a0\u00bb box_shadow_blur=\u00a0\u00bb80px\u00a0\u00bb box_shadow_color=\u00a0\u00bbrgba(98,116,138,0.14)\u00a0\u00bb][et_pb_text _builder_version=\u00a0\u00bb4.7.7&Prime; text_line_height=\u00a0\u00bb1.8em\u00a0\u00bb header_4_font=\u00a0\u00bbExo 2|600|||||||\u00a0\u00bb header_4_text_color=\u00a0\u00bb#001955&Prime;]<h4>Minimiser le risque<\/h4>\n<p>R\u00e9duisez de mani\u00e8re consid\u00e9rable le risque de panne ou d&rsquo;indisponibilit\u00e9 de vos services critiques sur lesquels reposent vos services.<\/p>\n[\/et_pb_text][\/et_pb_column][et_pb_column type=\u00a0\u00bb1_3&Prime; _builder_version=\u00a0\u00bb4.4.8&Prime; background_color=\u00a0\u00bb#ffffff\u00a0\u00bb custom_padding=\u00a0\u00bb40px|30px|40px|30px|true|true\u00a0\u00bb border_radii=\u00a0\u00bbon|10px|10px|10px|10px\u00a0\u00bb box_shadow_style=\u00a0\u00bbpreset3&Prime; box_shadow_vertical=\u00a0\u00bb60px\u00a0\u00bb box_shadow_blur=\u00a0\u00bb80px\u00a0\u00bb box_shadow_color=\u00a0\u00bbrgba(98,116,138,0.14)\u00a0\u00bb][et_pb_text _builder_version=\u00a0\u00bb4.7.7&Prime; text_line_height=\u00a0\u00bb1.8em\u00a0\u00bb header_4_font=\u00a0\u00bbExo 2|600|||||||\u00a0\u00bb header_4_text_color=\u00a0\u00bb#001955&Prime; locked=\u00a0\u00bboff\u00a0\u00bb]<h4>Servir mieux vos utilisateurs<\/h4>\n<p>Gardez votre base d&rsquo;utilisateurs satisfaite avec des performances d&rsquo;ex\u00e9cution sup\u00e9rieures et une assistance d&rsquo;experts, atteingnant une assistance 24h\/7 pour les probl\u00e8mes critiques.<\/p>\n[\/et_pb_text][\/et_pb_column][et_pb_column type=\u00a0\u00bb1_3&Prime; _builder_version=\u00a0\u00bb4.4.8&Prime; background_color=\u00a0\u00bb#ffffff\u00a0\u00bb custom_padding=\u00a0\u00bb40px|30px|40px|30px|true|true\u00a0\u00bb border_radii=\u00a0\u00bbon|10px|10px|10px|10px\u00a0\u00bb box_shadow_style=\u00a0\u00bbpreset3&Prime; box_shadow_vertical=\u00a0\u00bb60px\u00a0\u00bb box_shadow_blur=\u00a0\u00bb80px\u00a0\u00bb box_shadow_color=\u00a0\u00bbrgba(98,116,138,0.14)\u00a0\u00bb][et_pb_text _builder_version=\u00a0\u00bb4.7.7&Prime; text_line_height=\u00a0\u00bb1.8em\u00a0\u00bb header_4_font=\u00a0\u00bbExo 2|600|||||||\u00a0\u00bb header_4_text_color=\u00a0\u00bb#001955&Prime; hover_enabled=\u00a0\u00bb0&Prime; locked=\u00a0\u00bboff\u00a0\u00bb sticky_enabled=\u00a0\u00bb0&Prime;]<h4>Vos \u00e9quipes sont plus concentr\u00e9es sur votre c\u0153ur de m\u00e9tier<\/h4>\n<p>Aidez vos \u00e9quipes \u00e0 rester concentr\u00e9es sur leurs fonctions et projets m\u00e9tiers, sans se soucier et passer du temps dans la gestion et l&rsquo;administration des outils.<\/p>\n[\/et_pb_text][\/et_pb_column][\/et_pb_row][et_pb_row column_structure=\u00a0\u00bb1_3,1_3,1_3&Prime; use_custom_gutter=\u00a0\u00bbon\u00a0\u00bb gutter_width=\u00a0\u00bb2&Prime; _builder_version=\u00a0\u00bb4.4.8&Prime;][et_pb_column type=\u00a0\u00bb1_3&Prime; _builder_version=\u00a0\u00bb4.4.8&Prime; background_color=\u00a0\u00bb#ffffff\u00a0\u00bb custom_padding=\u00a0\u00bb40px|30px|40px|30px|true|true\u00a0\u00bb border_radii=\u00a0\u00bbon|10px|10px|10px|10px\u00a0\u00bb box_shadow_style=\u00a0\u00bbpreset3&Prime; box_shadow_vertical=\u00a0\u00bb60px\u00a0\u00bb box_shadow_blur=\u00a0\u00bb80px\u00a0\u00bb box_shadow_color=\u00a0\u00bbrgba(98,116,138,0.14)\u00a0\u00bb][et_pb_text _builder_version=\u00a0\u00bb4.7.7&Prime; text_line_height=\u00a0\u00bb1.8em\u00a0\u00bb header_4_font=\u00a0\u00bbExo 2|600|||||||\u00a0\u00bb header_4_text_color=\u00a0\u00bb#001955&Prime;]<h4>R\u00e9duire vos co\u00fbts<\/h4>\n<p>Diminuez le co\u00fbt total de possession de vos outils Atlassian, tout en am\u00e9liorant le service et les performances.<\/p>\n[\/et_pb_text][\/et_pb_column][et_pb_column type=\u00a0\u00bb1_3&Prime; _builder_version=\u00a0\u00bb4.4.8&Prime; background_color=\u00a0\u00bb#ffffff\u00a0\u00bb custom_padding=\u00a0\u00bb40px|30px|40px|30px|true|true\u00a0\u00bb border_radii=\u00a0\u00bbon|10px|10px|10px|10px\u00a0\u00bb box_shadow_style=\u00a0\u00bbpreset3&Prime; box_shadow_vertical=\u00a0\u00bb60px\u00a0\u00bb box_shadow_blur=\u00a0\u00bb80px\u00a0\u00bb box_shadow_color=\u00a0\u00bbrgba(98,116,138,0.14)\u00a0\u00bb][et_pb_text _builder_version=\u00a0\u00bb4.7.7&Prime; text_line_height=\u00a0\u00bb1.8em\u00a0\u00bb header_4_font=\u00a0\u00bbExo 2|600|||||||\u00a0\u00bb header_4_text_color=\u00a0\u00bb#001955&Prime; locked=\u00a0\u00bboff\u00a0\u00bb]<h4>Am\u00e9liorez votre agilit\u00e9<\/h4>\n<p>Adoptez rapidement de nouvelles fonctionnalit\u00e9s, faites \u00e9voluer votre plate-forme \u00e0 l&rsquo;infini, concentrez-vous sur l&rsquo;innovation plut\u00f4t que sur l&rsquo;infrastructure et acc\u00e9dez \u00e0 l&rsquo;assistance pour vos applications Atlassian.<\/p>\n[\/et_pb_text][\/et_pb_column][et_pb_column type=\u00a0\u00bb1_3&Prime; _builder_version=\u00a0\u00bb4.4.8&Prime; background_color=\u00a0\u00bb#ffffff\u00a0\u00bb custom_padding=\u00a0\u00bb40px|30px|40px|30px|true|true\u00a0\u00bb border_radii=\u00a0\u00bbon|10px|10px|10px|10px\u00a0\u00bb box_shadow_style=\u00a0\u00bbpreset3&Prime; box_shadow_vertical=\u00a0\u00bb60px\u00a0\u00bb box_shadow_blur=\u00a0\u00bb80px\u00a0\u00bb box_shadow_color=\u00a0\u00bbrgba(98,116,138,0.14)\u00a0\u00bb][et_pb_text _builder_version=\u00a0\u00bb4.7.7&Prime; text_line_height=\u00a0\u00bb1.8em\u00a0\u00bb header_4_font=\u00a0\u00bbExo 2|600|||||||\u00a0\u00bb header_4_text_color=\u00a0\u00bb#001955&Prime; hover_enabled=\u00a0\u00bb0&Prime; locked=\u00a0\u00bboff\u00a0\u00bb sticky_enabled=\u00a0\u00bb0&Prime;]<h4>Performances in\u00e9gal\u00e9es<\/h4>\n<p>Notre \u00e9quipe a l&rsquo;expertise n\u00e9cessaire pour mettre en place les meilleurs outils en mode d\u00e9l\u00e9gu\u00e9 et assurer le bon fonctionnement et la performance d&rsquo;ex\u00e9cution optimale.<\/p>\n[\/et_pb_text][\/et_pb_column][\/et_pb_row][\/et_pb_section][et_pb_section fb_built=\u00a0\u00bb1&Prime; admin_label=\u00a0\u00bbFooter\u00a0\u00bb _builder_version=\u00a0\u00bb4.7.7&Prime; use_background_color_gradient=\u00a0\u00bbon\u00a0\u00bb background_color_gradient_start=\u00a0\u00bbrgba(0,0,0,0.1)\u00a0\u00bb background_color_gradient_end=\u00a0\u00bbrgba(0,0,0,0)\u00a0\u00bb background_color_gradient_direction=\u00a0\u00bb190deg\u00a0\u00bb background_color_gradient_end_position=\u00a0\u00bb21%\u00a0\u00bb background_color_gradient_overlays_image=\u00a0\u00bbon\u00a0\u00bb background_image=\u00a0\u00bbhttp:\/\/refonte.azara.ma\/wp-content\/uploads\/2021\/02\/robotics-04.jpg\u00a0\u00bb background_enable_image=\u00a0\u00bboff\u00a0\u00bb custom_padding=\u00a0\u00bb3vw||3vw||true|false\u00a0\u00bb global_module=\u00a0\u00bb236&Prime; locked=\u00a0\u00bboff\u00a0\u00bb][et_pb_row column_structure=\u00a0\u00bb1_2,1_2&Prime; custom_padding_last_edited=\u00a0\u00bbon|phone\u00a0\u00bb _builder_version=\u00a0\u00bb4.4.8&Prime; custom_padding=\u00a0\u00bb||||false|false\u00a0\u00bb custom_padding_tablet=\u00a0\u00bb|24%|||false|false\u00a0\u00bb custom_padding_phone=\u00a0\u00bb|10%|||false|false\u00a0\u00bb][et_pb_column type=\u00a0\u00bb1_2&Prime; _builder_version=\u00a0\u00bb4.4.8&Prime;][et_pb_text _builder_version=\u00a0\u00bb4.7.7&Prime; text_font=\u00a0\u00bbExo 2|||on|||||\u00a0\u00bb text_text_color=\u00a0\u00bb#0e4de3&Prime; text_letter_spacing=\u00a0\u00bb1px\u00a0\u00bb header_2_font_size=\u00a0\u00bb48px\u00a0\u00bb header_2_font_size_tablet=\u00a0\u00bb32px\u00a0\u00bb header_2_font_size_phone=\u00a0\u00bb30px\u00a0\u00bb header_2_font_size_last_edited=\u00a0\u00bbon|phone\u00a0\u00bb locked=\u00a0\u00bboff\u00a0\u00bb]<p>Commencer l&rsquo;aventure de la transformation num\u00e9rique<\/p>[\/et_pb_text][et_pb_text _builder_version=\u00a0\u00bb4.7.7&Prime; header_2_font=\u00a0\u00bbExo 2|600|||||||\u00a0\u00bb header_2_text_align=\u00a0\u00bbleft\u00a0\u00bb header_2_text_color=\u00a0\u00bb#001856&Prime; header_2_font_size=\u00a0\u00bb48px\u00a0\u00bb header_2_line_height=\u00a0\u00bb1.3em\u00a0\u00bb background_layout=\u00a0\u00bbdark\u00a0\u00bb header_2_font_size_tablet=\u00a0\u00bb32px\u00a0\u00bb header_2_font_size_phone=\u00a0\u00bb35px\u00a0\u00bb header_2_font_size_last_edited=\u00a0\u00bbon|phone\u00a0\u00bb locked=\u00a0\u00bboff\u00a0\u00bb header_2_2_font_size_tablet=\u00a0\u00bb32px\u00a0\u00bb header_3_2_font_size_tablet=\u00a0\u00bb32px\u00a0\u00bb header_4_2_font_size_tablet=\u00a0\u00bb32px\u00a0\u00bb header_5_2_font_size_tablet=\u00a0\u00bb32px\u00a0\u00bb header_6_2_font_size_tablet=\u00a0\u00bb32px\u00a0\u00bb header_2_2_font_size_phone=\u00a0\u00bb20px\u00a0\u00bb header_3_2_font_size_phone=\u00a0\u00bb20px\u00a0\u00bb header_4_2_font_size_phone=\u00a0\u00bb20px\u00a0\u00bb header_5_2_font_size_phone=\u00a0\u00bb20px\u00a0\u00bb header_6_2_font_size_phone=\u00a0\u00bb20px\u00a0\u00bb header_2_2_font_size_last_edited=\u00a0\u00bbon|phone\u00a0\u00bb header_3_2_font_size_last_edited=\u00a0\u00bbon|phone\u00a0\u00bb header_4_2_font_size_last_edited=\u00a0\u00bbon|phone\u00a0\u00bb header_5_2_font_size_last_edited=\u00a0\u00bbon|phone\u00a0\u00bb header_6_2_font_size_last_edited=\u00a0\u00bbon|phone\u00a0\u00bb]<h2>Un projet \u00e0 nous confier? Contactez-nous<\/h2>[\/et_pb_text][et_pb_text content_tablet=\u00a0\u00bb<\/p>\n<p>Nous vous accompagnons dans l&rsquo;\u00e9tude et la mise en place des outils et m\u00e9canismes pour r\u00e9ussir votre transformation digitale et agile et ainsi pr\u00e9parer les r\u00e9ussites de demain.<\/p>\n<p>\u00a0\u00bb content_phone=\u00a0\u00bb<\/p>\n<p>Nous vous accompagnons dans l&rsquo;\u00e9tude et la mise en place des outils et m\u00e9canismes pour r\u00e9ussir votre transformation digitale et agile et ainsi pr\u00e9parer les r\u00e9ussites de demain.<\/p>\n<p>\u00a0\u00bb content_last_edited=\u00a0\u00bbon|desktop\u00a0\u00bb _builder_version=\u00a0\u00bb4.7.7&Prime; text_font=\u00a0\u00bbPT Sans||||||||\u00a0\u00bb text_font_size=\u00a0\u00bb16px\u00a0\u00bb text_line_height=\u00a0\u00bb1.9em\u00a0\u00bb header_2_font_size=\u00a0\u00bb48px\u00a0\u00bb text_font_size_tablet=\u00a0\u00bb15px\u00a0\u00bb text_font_size_phone=\u00a0\u00bb14px\u00a0\u00bb text_font_size_last_edited=\u00a0\u00bbon|desktop\u00a0\u00bb header_2_font_size_tablet=\u00a0\u00bb32px\u00a0\u00bb header_2_font_size_phone=\u00a0\u00bb30px\u00a0\u00bb header_2_font_size_last_edited=\u00a0\u00bbon|phone\u00a0\u00bb text_orientation_tablet=\u00a0\u00bbleft\u00a0\u00bb text_orientation_phone=\u00a0\u00bbleft\u00a0\u00bb text_orientation_last_edited=\u00a0\u00bbon|phone\u00a0\u00bb locked=\u00a0\u00bboff\u00a0\u00bb]<p style=\"text-align: justify;\">Nous vous accompagnons depuis l&rsquo;\u00e9tude jusqu&rsquo;\u00e0 la mise en place des dispositifs, outils et processus agiles pour r\u00e9ussir votre transformation.<\/p>[\/et_pb_text][et_pb_button button_url=\u00a0\u00bb@ET-DC@eyJkeW5hbWljIjp0cnVlLCJjb250ZW50IjoicG9zdF9saW5rX3VybF9wYWdlIiwic2V0dGluZ3MiOnsicG9zdF9pZCI6IjY5In19@\u00a0\u00bb url_new_window=\u00a0\u00bbon\u00a0\u00bb button_text=\u00a0\u00bbNous contacter\u00a0\u00bb _builder_version=\u00a0\u00bb4.7.7&Prime; _dynamic_attributes=\u00a0\u00bbbutton_url\u00a0\u00bb custom_button=\u00a0\u00bbon\u00a0\u00bb button_text_size=\u00a0\u00bb14px\u00a0\u00bb button_text_color=\u00a0\u00bb#ffffff\u00a0\u00bb button_bg_color=\u00a0\u00bb#0e4de3&Prime; button_border_width=\u00a0\u00bb0px\u00a0\u00bb button_letter_spacing=\u00a0\u00bb1px\u00a0\u00bb button_font=\u00a0\u00bbExo 2|500||on|||||\u00a0\u00bb custom_padding=\u00a0\u00bb10px|30px|10px|30px|true|true\u00a0\u00bb box_shadow_style=\u00a0\u00bbpreset3&Prime; box_shadow_color=\u00a0\u00bbrgba(14,77,227,0.2)\u00a0\u00bb locked=\u00a0\u00bboff\u00a0\u00bb][\/et_pb_button][\/et_pb_column][et_pb_column type=\u00a0\u00bb1_2&Prime; _builder_version=\u00a0\u00bb4.4.7&Prime;][et_pb_image src=\u00a0\u00bbhttp:\/\/refonte.azara.ma\/wp-content\/uploads\/2021\/04\/contact-azara-consulting.png\u00a0\u00bb title_text=\u00a0\u00bbcontact-azara-consulting\u00a0\u00bb _builder_version=\u00a0\u00bb4.7.7&Prime; _module_preset=\u00a0\u00bbdefault\u00a0\u00bb custom_margin=\u00a0\u00bb|||-87px||\u00a0\u00bb custom_padding=\u00a0\u00bb|||0px||\u00a0\u00bb][\/et_pb_image][\/et_pb_column][\/et_pb_row][\/et_pb_section]","protected":false},"excerpt":{"rendered":"","protected":false},"author":1,"featured_media":0,"parent":0,"menu_order":0,"comment_status":"closed","ping_status":"closed","template":"","meta":{"_et_pb_use_builder":"on","_et_pb_old_content":"<!-- wp:divi\/placeholder \/-->","_et_gb_content_width":"","_mi_skip_tracking":false,"_monsterinsights_sitenote_active":false,"_monsterinsights_sitenote_note":"","_monsterinsights_sitenote_category":0,"footnotes":""},"yoast_head":"<!-- This site is optimized with the Yoast SEO plugin v21.3 - https:\/\/yoast.com\/wordpress\/plugins\/seo\/ -->\n<title>Gestion d\u00e9l\u00e9gu\u00e9e Services Atlassian - AZARA Consulting<\/title>\n<meta name=\"robots\" content=\"index, follow, max-snippet:-1, max-image-preview:large, max-video-preview:-1\" \/>\n<link rel=\"canonical\" href=\"https:\/\/azara.ma\/en\/gestion-deleguee-services-atlassian\/\" \/>\n<meta property=\"og:locale\" content=\"en_US\" \/>\n<meta property=\"og:type\" content=\"article\" \/>\n<meta property=\"og:title\" content=\"Gestion d\u00e9l\u00e9gu\u00e9e Services Atlassian - AZARA Consulting\" \/>\n<meta property=\"og:url\" content=\"https:\/\/azara.ma\/en\/gestion-deleguee-services-atlassian\/\" \/>\n<meta property=\"og:site_name\" content=\"AZARA Consulting\" \/>\n<meta property=\"article:modified_time\" content=\"2025-02-21T06:41:52+00:00\" \/>\n<meta name=\"twitter:card\" content=\"summary_large_image\" \/>\n<meta name=\"twitter:site\" content=\"@AzaraConsulting\" \/>\n<meta name=\"twitter:label1\" content=\"Est. reading time\" \/>\n\t<meta name=\"twitter:data1\" content=\"3 minutes\" \/>\n<script type=\"application\/ld+json\" class=\"yoast-schema-graph\">{\"@context\":\"https:\/\/schema.org\",\"@graph\":[{\"@type\":\"WebPage\",\"@id\":\"https:\/\/azara.ma\/gestion-deleguee-services-atlassian\/\",\"url\":\"https:\/\/azara.ma\/gestion-deleguee-services-atlassian\/\",\"name\":\"Gestion d\u00e9l\u00e9gu\u00e9e Services Atlassian - AZARA Consulting\",\"isPartOf\":{\"@id\":\"https:\/\/azara.ma\/#website\"},\"datePublished\":\"2021-02-03T15:46:38+00:00\",\"dateModified\":\"2025-02-21T06:41:52+00:00\",\"breadcrumb\":{\"@id\":\"https:\/\/azara.ma\/gestion-deleguee-services-atlassian\/#breadcrumb\"},\"inLanguage\":\"en-US\",\"potentialAction\":[{\"@type\":\"ReadAction\",\"target\":[\"https:\/\/azara.ma\/gestion-deleguee-services-atlassian\/\"]}]},{\"@type\":\"BreadcrumbList\",\"@id\":\"https:\/\/azara.ma\/gestion-deleguee-services-atlassian\/#breadcrumb\",\"itemListElement\":[{\"@type\":\"ListItem\",\"position\":1,\"name\":\"Accueil\",\"item\":\"https:\/\/azara.ma\/\"},{\"@type\":\"ListItem\",\"position\":2,\"name\":\"Gestion d\u00e9l\u00e9gu\u00e9e Services Atlassian\"}]},{\"@type\":\"WebSite\",\"@id\":\"https:\/\/azara.ma\/#website\",\"url\":\"https:\/\/azara.ma\/\",\"name\":\"AZARA Consulting\",\"description\":\"Transformation Digitale et Agile\",\"publisher\":{\"@id\":\"https:\/\/azara.ma\/#organization\"},\"potentialAction\":[{\"@type\":\"SearchAction\",\"target\":{\"@type\":\"EntryPoint\",\"urlTemplate\":\"https:\/\/azara.ma\/?s={search_term_string}\"},\"query-input\":\"required name=search_term_string\"}],\"inLanguage\":\"en-US\"},{\"@type\":\"Organization\",\"@id\":\"https:\/\/azara.ma\/#organization\",\"name\":\"AZARA Consultng\",\"url\":\"https:\/\/azara.ma\/\",\"logo\":{\"@type\":\"ImageObject\",\"inLanguage\":\"en-US\",\"@id\":\"https:\/\/azara.ma\/#\/schema\/logo\/image\/\",\"url\":\"https:\/\/azara.ma\/wp-content\/uploads\/2021\/03\/azara-consulting-logo-nouveau.png\",\"contentUrl\":\"https:\/\/azara.ma\/wp-content\/uploads\/2021\/03\/azara-consulting-logo-nouveau.png\",\"width\":1034,\"height\":244,\"caption\":\"AZARA Consultng\"},\"image\":{\"@id\":\"https:\/\/azara.ma\/#\/schema\/logo\/image\/\"},\"sameAs\":[\"https:\/\/twitter.com\/AzaraConsulting\",\"https:\/\/www.linkedin.com\/company\/azara-consulting\/mycompany\/\"]}]}<\/script>\n<!-- \/ Yoast SEO plugin. -->","yoast_head_json":{"title":"Gestion d\u00e9l\u00e9gu\u00e9e Services Atlassian - AZARA Consulting","robots":{"index":"index","follow":"follow","max-snippet":"max-snippet:-1","max-image-preview":"max-image-preview:large","max-video-preview":"max-video-preview:-1"},"canonical":"https:\/\/azara.ma\/en\/gestion-deleguee-services-atlassian\/","og_locale":"en_US","og_type":"article","og_title":"Gestion d\u00e9l\u00e9gu\u00e9e Services Atlassian - AZARA Consulting","og_url":"https:\/\/azara.ma\/en\/gestion-deleguee-services-atlassian\/","og_site_name":"AZARA Consulting","article_modified_time":"2025-02-21T06:41:52+00:00","twitter_card":"summary_large_image","twitter_site":"@AzaraConsulting","twitter_misc":{"Est. reading time":"3 minutes"},"schema":{"@context":"https:\/\/schema.org","@graph":[{"@type":"WebPage","@id":"https:\/\/azara.ma\/gestion-deleguee-services-atlassian\/","url":"https:\/\/azara.ma\/gestion-deleguee-services-atlassian\/","name":"Gestion d\u00e9l\u00e9gu\u00e9e Services Atlassian - AZARA Consulting","isPartOf":{"@id":"https:\/\/azara.ma\/#website"},"datePublished":"2021-02-03T15:46:38+00:00","dateModified":"2025-02-21T06:41:52+00:00","breadcrumb":{"@id":"https:\/\/azara.ma\/gestion-deleguee-services-atlassian\/#breadcrumb"},"inLanguage":"en-US","potentialAction":[{"@type":"ReadAction","target":["https:\/\/azara.ma\/gestion-deleguee-services-atlassian\/"]}]},{"@type":"BreadcrumbList","@id":"https:\/\/azara.ma\/gestion-deleguee-services-atlassian\/#breadcrumb","itemListElement":[{"@type":"ListItem","position":1,"name":"Accueil","item":"https:\/\/azara.ma\/"},{"@type":"ListItem","position":2,"name":"Gestion d\u00e9l\u00e9gu\u00e9e Services Atlassian"}]},{"@type":"WebSite","@id":"https:\/\/azara.ma\/#website","url":"https:\/\/azara.ma\/","name":"AZARA Consulting","description":"Transformation Digitale et Agile","publisher":{"@id":"https:\/\/azara.ma\/#organization"},"potentialAction":[{"@type":"SearchAction","target":{"@type":"EntryPoint","urlTemplate":"https:\/\/azara.ma\/?s={search_term_string}"},"query-input":"required name=search_term_string"}],"inLanguage":"en-US"},{"@type":"Organization","@id":"https:\/\/azara.ma\/#organization","name":"AZARA Consultng","url":"https:\/\/azara.ma\/","logo":{"@type":"ImageObject","inLanguage":"en-US","@id":"https:\/\/azara.ma\/#\/schema\/logo\/image\/","url":"https:\/\/azara.ma\/wp-content\/uploads\/2021\/03\/azara-consulting-logo-nouveau.png","contentUrl":"https:\/\/azara.ma\/wp-content\/uploads\/2021\/03\/azara-consulting-logo-nouveau.png","width":1034,"height":244,"caption":"AZARA Consultng"},"image":{"@id":"https:\/\/azara.ma\/#\/schema\/logo\/image\/"},"sameAs":["https:\/\/twitter.com\/AzaraConsulting","https:\/\/www.linkedin.com\/company\/azara-consulting\/mycompany\/"]}]}},"_links":{"self":[{"href":"https:\/\/azara.ma\/en\/wp-json\/wp\/v2\/pages\/87"}],"collection":[{"href":"https:\/\/azara.ma\/en\/wp-json\/wp\/v2\/pages"}],"about":[{"href":"https:\/\/azara.ma\/en\/wp-json\/wp\/v2\/types\/page"}],"author":[{"embeddable":true,"href":"https:\/\/azara.ma\/en\/wp-json\/wp\/v2\/users\/1"}],"replies":[{"embeddable":true,"href":"https:\/\/azara.ma\/en\/wp-json\/wp\/v2\/comments?post=87"}],"version-history":[{"count":8,"href":"https:\/\/azara.ma\/en\/wp-json\/wp\/v2\/pages\/87\/revisions"}],"predecessor-version":[{"id":1072,"href":"https:\/\/azara.ma\/en\/wp-json\/wp\/v2\/pages\/87\/revisions\/1072"}],"wp:attachment":[{"href":"https:\/\/azara.ma\/en\/wp-json\/wp\/v2\/media?parent=87"}],"curies":[{"name":"wp","href":"https:\/\/api.w.org\/{rel}","templated":true}]}}