{"id":65,"date":"2021-02-03T16:31:35","date_gmt":"2021-02-03T15:31:35","guid":{"rendered":"http:\/\/refonte.azara.ma\/?page_id=65"},"modified":"2025-02-21T07:41:56","modified_gmt":"2025-02-21T06:41:56","slug":"nos-offres","status":"publish","type":"page","link":"https:\/\/azara.ma\/en\/nos-offres\/","title":{"rendered":"Our job offres"},"content":{"rendered":"<p>[et_pb_section fb_built=\u00a0\u00bb1&Prime; custom_padding_last_edited=\u00a0\u00bbon|tablet\u00a0\u00bb admin_label=\u00a0\u00bbHeader\u00a0\u00bb _builder_version=\u00a0\u00bb4.4.8&Prime; use_background_color_gradient=\u00a0\u00bbon\u00a0\u00bb background_color_gradient_start=\u00a0\u00bb#001b56&Prime; background_color_gradient_end=\u00a0\u00bb#0e4de3&Prime; background_color_gradient_start_position=\u00a0\u00bb28%\u00a0\u00bb background_image=\u00a0\u00bbhttp:\/\/refonte.azara.ma\/wp-content\/uploads\/2021\/02\/robotics-05-1.png\u00a0\u00bb background_size=\u00a0\u00bbinitial\u00a0\u00bb background_position=\u00a0\u00bbbottom_right\u00a0\u00bb width=\u00a0\u00bb90%\u00a0\u00bb custom_margin=\u00a0\u00bb||8vw||false|false\u00a0\u00bb custom_margin_last_edited=\u00a0\u00bboff|tablet\u00a0\u00bb custom_padding=\u00a0\u00bb6vw||6vw|10vw|true|false\u00a0\u00bb custom_padding_tablet=\u00a0\u00bb|10vw||10vw|false|true\u00a0\u00bb custom_padding_phone=\u00a0\u00bb\u00a0\u00bb locked=\u00a0\u00bboff\u00a0\u00bb][et_pb_row column_structure=\u00a0\u00bb1_2,1_2&Prime; _builder_version=\u00a0\u00bb4.7.7&Prime; width=\u00a0\u00bb100%\u00a0\u00bb][et_pb_column type=\u00a0\u00bb1_2&Prime; _builder_version=\u00a0\u00bb4.4.8&Prime; z_index=\u00a0\u00bb11&Prime;][et_pb_text _builder_version=\u00a0\u00bb4.7.7&Prime; text_font=\u00a0\u00bbExo 2|||on|||||\u00a0\u00bb text_text_color=\u00a0\u00bb#fdba5f\u00a0\u00bb text_letter_spacing=\u00a0\u00bb1px\u00a0\u00bb]Offres de missions[\/et_pb_text][et_pb_text _builder_version=\u00a0\u00bb4.4.8&Prime; header_font=\u00a0\u00bbBungee Hairline|600|||||||\u00a0\u00bb header_font_size=\u00a0\u00bb72px\u00a0\u00bb background_layout=\u00a0\u00bbdark\u00a0\u00bb header_font_size_tablet=\u00a0\u00bb48px\u00a0\u00bb header_font_size_phone=\u00a0\u00bb28px\u00a0\u00bb header_font_size_last_edited=\u00a0\u00bbon|desktop\u00a0\u00bb]<\/p>\n<h1>Our current job offers<\/h1>\n<p>[\/et_pb_text][et_pb_text _builder_version=\u00a0\u00bb4.7.7&Prime; text_font=\u00a0\u00bbPT Sans||||||||\u00a0\u00bb text_font_size=\u00a0\u00bb18px\u00a0\u00bb text_line_height=\u00a0\u00bb1.8em\u00a0\u00bb background_layout=\u00a0\u00bbdark\u00a0\u00bb min_height=\u00a0\u00bb130px\u00a0\u00bb text_font_size_tablet=\u00a0\u00bb15px\u00a0\u00bb text_font_size_phone=\u00a0\u00bb14px\u00a0\u00bb text_font_size_last_edited=\u00a0\u00bbon|phone\u00a0\u00bb]Les offres de missions actualis\u00e9es et couvrant tous les disciplines.[\/et_pb_text][\/et_pb_column][et_pb_column type=\u00a0\u00bb1_2&Prime; _builder_version=\u00a0\u00bb4.4.8&Prime; custom_padding=\u00a0\u00bb10vw||||false|false\u00a0\u00bb][et_pb_image src=\u00a0\u00bbhttp:\/\/refonte.azara.ma\/wp-content\/uploads\/2021\/03\/robotics-19.png\u00a0\u00bb title_text=\u00a0\u00bbrobotics-19&Prime; _builder_version=\u00a0\u00bb4.7.7&Prime; transform_scale=\u00a0\u00bb94%|94%\u00a0\u00bb transform_scale_tablet=\u00a0\u00bb68%|68%\u00a0\u00bb transform_scale_phone=\u00a0\u00bb\u00a0\u00bb transform_scale_last_edited=\u00a0\u00bbon|tablet\u00a0\u00bb transform_translate_tablet=\u00a0\u00bb\u00a0\u00bb transform_translate_phone=\u00a0\u00bb\u00a0\u00bb transform_translate_last_edited=\u00a0\u00bbon|desktop\u00a0\u00bb transform_rotate_tablet=\u00a0\u00bb\u00a0\u00bb transform_rotate_phone=\u00a0\u00bb\u00a0\u00bb transform_rotate_last_edited=\u00a0\u00bbon|desktop\u00a0\u00bb transform_skew_tablet=\u00a0\u00bb\u00a0\u00bb transform_skew_phone=\u00a0\u00bb\u00a0\u00bb transform_skew_last_edited=\u00a0\u00bbon|desktop\u00a0\u00bb transform_origin_tablet=\u00a0\u00bb188%|-98%\u00a0\u00bb transform_origin_phone=\u00a0\u00bb\u00a0\u00bb transform_origin_last_edited=\u00a0\u00bbon|phone\u00a0\u00bb transform_styles_last_edited=\u00a0\u00bbon|phone\u00a0\u00bb width=\u00a0\u00bb94%\u00a0\u00bb custom_margin=\u00a0\u00bb-12vw|-10vw|-123vw|-6vw|false|false\u00a0\u00bb custom_margin_tablet=\u00a0\u00bb0vw|0vw||0vw|false|false\u00a0\u00bb custom_margin_phone=\u00a0\u00bb\u00a0\u00bb custom_margin_last_edited=\u00a0\u00bbon|tablet\u00a0\u00bb transform_styles_tablet=\u00a0\u00bb\u00a0\u00bb transform_styles_phone=\u00a0\u00bb\u00a0\u00bb][\/et_pb_image][\/et_pb_column][\/et_pb_row][\/et_pb_section][et_pb_section fb_built=\u00a0\u00bb1&Prime; _builder_version=\u00a0\u00bb4.7.7&Prime; _module_preset=\u00a0\u00bbdefault\u00a0\u00bb][et_pb_row _builder_version=\u00a0\u00bb4.7.7&Prime; _module_preset=\u00a0\u00bbdefault\u00a0\u00bb][et_pb_column type=\u00a0\u00bb4_4&Prime; _builder_version=\u00a0\u00bb4.7.7&Prime; _module_preset=\u00a0\u00bbdefault\u00a0\u00bb][et_pb_text _builder_version=\u00a0\u00bb4.7.7&Prime; header_2_font=\u00a0\u00bbExo 2|600|||||||\u00a0\u00bb header_2_text_align=\u00a0\u00bbleft\u00a0\u00bb header_2_text_color=\u00a0\u00bb#001856&Prime; header_2_font_size=\u00a0\u00bb48px\u00a0\u00bb header_2_line_height=\u00a0\u00bb1.3em\u00a0\u00bb background_layout=\u00a0\u00bbdark\u00a0\u00bb header_2_font_size_tablet=\u00a0\u00bb32px\u00a0\u00bb header_2_font_size_phone=\u00a0\u00bb35px\u00a0\u00bb header_2_font_size_last_edited=\u00a0\u00bbon|phone\u00a0\u00bb locked=\u00a0\u00bboff\u00a0\u00bb header_2_2_font_size_tablet=\u00a0\u00bb32px\u00a0\u00bb header_3_2_font_size_tablet=\u00a0\u00bb32px\u00a0\u00bb header_4_2_font_size_tablet=\u00a0\u00bb32px\u00a0\u00bb header_5_2_font_size_tablet=\u00a0\u00bb32px\u00a0\u00bb header_6_2_font_size_tablet=\u00a0\u00bb32px\u00a0\u00bb header_2_2_font_size_phone=\u00a0\u00bb20px\u00a0\u00bb header_3_2_font_size_phone=\u00a0\u00bb20px\u00a0\u00bb header_4_2_font_size_phone=\u00a0\u00bb20px\u00a0\u00bb header_5_2_font_size_phone=\u00a0\u00bb20px\u00a0\u00bb header_6_2_font_size_phone=\u00a0\u00bb20px\u00a0\u00bb header_2_2_font_size_last_edited=\u00a0\u00bbon|phone\u00a0\u00bb header_3_2_font_size_last_edited=\u00a0\u00bbon|phone\u00a0\u00bb header_4_2_font_size_last_edited=\u00a0\u00bbon|phone\u00a0\u00bb header_5_2_font_size_last_edited=\u00a0\u00bbon|phone\u00a0\u00bb header_6_2_font_size_last_edited=\u00a0\u00bbon|phone\u00a0\u00bb]<\/p>\n<h2>Mission offers<\/h2>\n<p>[\/et_pb_text][et_pb_blog include_categories=\u00a0\u00bb153&Prime; use_manual_excerpt=\u00a0\u00bboff\u00a0\u00bb show_more=\u00a0\u00bbon\u00a0\u00bb show_author=\u00a0\u00bboff\u00a0\u00bb _builder_version=\u00a0\u00bb4.7.7&Prime; _module_preset=\u00a0\u00bbdefault\u00a0\u00bb][\/et_pb_blog][\/et_pb_column][\/et_pb_row][\/et_pb_section][et_pb_section fb_built=\u00a0\u00bb1&Prime; _builder_version=\u00a0\u00bb4.7.7&Prime; _module_preset=\u00a0\u00bbdefault\u00a0\u00bb border_style_all=\u00a0\u00bbnone\u00a0\u00bb][et_pb_row column_structure=\u00a0\u00bb1_2,1_2&Prime; _builder_version=\u00a0\u00bb4.7.7&Prime; _module_preset=\u00a0\u00bbdefault\u00a0\u00bb border_style_all=\u00a0\u00bbnone\u00a0\u00bb][et_pb_column type=\u00a0\u00bb1_2&Prime; _builder_version=\u00a0\u00bb4.7.7&Prime; _module_preset=\u00a0\u00bbdefault\u00a0\u00bb][et_pb_accordion _builder_version=\u00a0\u00bb4.7.7&Prime; _module_preset=\u00a0\u00bbdefault\u00a0\u00bb hover_enabled=\u00a0\u00bb0&Prime; border_style_all=\u00a0\u00bbnone\u00a0\u00bb sticky_enabled=\u00a0\u00bb0&Prime;][et_pb_accordion_item open=\u00a0\u00bbon\u00a0\u00bb _builder_version=\u00a0\u00bb4.7.7&Prime; _module_preset=\u00a0\u00bbdefault\u00a0\u00bb hover_enabled=\u00a0\u00bb0&Prime; sticky_enabled=\u00a0\u00bb0&Prime;]<\/p>\n<p><span>Conform\u00e9ment \u00e0 la loi 09-08, vous disposez d\u2019un droit d\u2019acc\u00e8s, de rectification et\u00a0<\/span><span>d\u2019opposition au traitement de vos donn\u00e9es personnelles. Ce traitement a \u00e9t\u00e9 autoris\u00e9 par\u00a0la CNDP sous le n\u00b0\u00a0CNDP-A-RH-1131-2024-AZARA CONSULTING-TBL-20241126<\/span><\/p>\n<p>[\/et_pb_accordion_item][\/et_pb_accordion][\/et_pb_column][et_pb_column type=\u00a0\u00bb1_2&Prime; _builder_version=\u00a0\u00bb4.7.7&Prime; _module_preset=\u00a0\u00bbdefault\u00a0\u00bb][\/et_pb_column][\/et_pb_row][\/et_pb_section]<\/p>","protected":false},"excerpt":{"rendered":"<p>[et_pb_section fb_built=\u00a0\u00bb1&Prime; custom_padding_last_edited=\u00a0\u00bbon|tablet\u00a0\u00bb admin_label=\u00a0\u00bbHeader\u00a0\u00bb _builder_version=\u00a0\u00bb4.4.8&Prime; use_background_color_gradient=\u00a0\u00bbon\u00a0\u00bb background_color_gradient_start=\u00a0\u00bb#001b56&Prime; background_color_gradient_end=\u00a0\u00bb#0e4de3&Prime; background_color_gradient_start_position=\u00a0\u00bb28%\u00a0\u00bb background_image=\u00a0\u00bbhttp:\/\/refonte.azara.ma\/wp-content\/uploads\/2021\/02\/robotics-05-1.png\u00a0\u00bb background_size=\u00a0\u00bbinitial\u00a0\u00bb background_position=\u00a0\u00bbbottom_right\u00a0\u00bb width=\u00a0\u00bb90%\u00a0\u00bb custom_margin=\u00a0\u00bb||8vw||false|false\u00a0\u00bb custom_margin_last_edited=\u00a0\u00bboff|tablet\u00a0\u00bb custom_padding=\u00a0\u00bb6vw||6vw|10vw|true|false\u00a0\u00bb custom_padding_tablet=\u00a0\u00bb|10vw||10vw|false|true\u00a0\u00bb custom_padding_phone=\u00a0\u00bb\u00a0\u00bb locked=\u00a0\u00bboff\u00a0\u00bb][et_pb_row column_structure=\u00a0\u00bb1_2,1_2&Prime; _builder_version=\u00a0\u00bb4.7.7&Prime; width=\u00a0\u00bb100%\u00a0\u00bb][et_pb_column type=\u00a0\u00bb1_2&Prime; _builder_version=\u00a0\u00bb4.4.8&Prime; z_index=\u00a0\u00bb11&Prime;][et_pb_text _builder_version=\u00a0\u00bb4.7.7&Prime; text_font=\u00a0\u00bbExo 2|||on|||||\u00a0\u00bb text_text_color=\u00a0\u00bb#fdba5f\u00a0\u00bb text_letter_spacing=\u00a0\u00bb1px\u00a0\u00bb]Offres de missions[\/et_pb_text][et_pb_text _builder_version=\u00a0\u00bb4.4.8&Prime; header_font=\u00a0\u00bbBungee Hairline|600|||||||\u00a0\u00bb header_font_size=\u00a0\u00bb72px\u00a0\u00bb background_layout=\u00a0\u00bbdark\u00a0\u00bb header_font_size_tablet=\u00a0\u00bb48px\u00a0\u00bb header_font_size_phone=\u00a0\u00bb28px\u00a0\u00bb header_font_size_last_edited=\u00a0\u00bbon|desktop\u00a0\u00bb] Nos offres actuelles [\/et_pb_text][et_pb_text _builder_version=\u00a0\u00bb4.7.7&Prime; text_font=\u00a0\u00bbPT Sans||||||||\u00a0\u00bb text_font_size=\u00a0\u00bb18px\u00a0\u00bb text_line_height=\u00a0\u00bb1.8em\u00a0\u00bb background_layout=\u00a0\u00bbdark\u00a0\u00bb min_height=\u00a0\u00bb130px\u00a0\u00bb text_font_size_tablet=\u00a0\u00bb15px\u00a0\u00bb text_font_size_phone=\u00a0\u00bb14px\u00a0\u00bb text_font_size_last_edited=\u00a0\u00bbon|phone\u00a0\u00bb]Les offres [&hellip;]<\/p>","protected":false},"author":1,"featured_media":0,"parent":0,"menu_order":0,"comment_status":"closed","ping_status":"closed","template":"","meta":{"_et_pb_use_builder":"on","_et_pb_old_content":"<!-- wp:divi\/placeholder \/-->","_et_gb_content_width":"","_mi_skip_tracking":false,"_monsterinsights_sitenote_active":false,"_monsterinsights_sitenote_note":"","_monsterinsights_sitenote_category":0,"footnotes":""},"yoast_head":"<!-- This site is optimized with the Yoast SEO plugin v21.3 - https:\/\/yoast.com\/wordpress\/plugins\/seo\/ -->\n<title>Nos offres - AZARA Consulting<\/title>\n<meta name=\"robots\" content=\"index, follow, max-snippet:-1, max-image-preview:large, max-video-preview:-1\" \/>\n<link rel=\"canonical\" href=\"https:\/\/azara.ma\/en\/nos-offres\/\" \/>\n<meta property=\"og:locale\" content=\"en_US\" \/>\n<meta property=\"og:type\" content=\"article\" \/>\n<meta property=\"og:title\" content=\"Nos offres - AZARA Consulting\" \/>\n<meta property=\"og:description\" content=\"[et_pb_section fb_built=\u00a0\u00bb1&Prime; custom_padding_last_edited=\u00a0\u00bbon|tablet\u00a0\u00bb admin_label=\u00a0\u00bbHeader\u00a0\u00bb _builder_version=\u00a0\u00bb4.4.8&Prime; use_background_color_gradient=\u00a0\u00bbon\u00a0\u00bb background_color_gradient_start=\u00a0\u00bb#001b56&Prime; background_color_gradient_end=\u00a0\u00bb#0e4de3&Prime; background_color_gradient_start_position=\u00a0\u00bb28%\u00a0\u00bb background_image=\u00a0\u00bbhttp:\/\/refonte.azara.ma\/wp-content\/uploads\/2021\/02\/robotics-05-1.png\u00a0\u00bb background_size=\u00a0\u00bbinitial\u00a0\u00bb background_position=\u00a0\u00bbbottom_right\u00a0\u00bb width=\u00a0\u00bb90%\u00a0\u00bb custom_margin=\u00a0\u00bb||8vw||false|false\u00a0\u00bb custom_margin_last_edited=\u00a0\u00bboff|tablet\u00a0\u00bb custom_padding=\u00a0\u00bb6vw||6vw|10vw|true|false\u00a0\u00bb custom_padding_tablet=\u00a0\u00bb|10vw||10vw|false|true\u00a0\u00bb custom_padding_phone=\u00a0\u00bb\u00a0\u00bb locked=\u00a0\u00bboff\u00a0\u00bb][et_pb_row column_structure=\u00a0\u00bb1_2,1_2&Prime; _builder_version=\u00a0\u00bb4.7.7&Prime; width=\u00a0\u00bb100%\u00a0\u00bb][et_pb_column type=\u00a0\u00bb1_2&Prime; _builder_version=\u00a0\u00bb4.4.8&Prime; z_index=\u00a0\u00bb11&Prime;][et_pb_text _builder_version=\u00a0\u00bb4.7.7&Prime; text_font=\u00a0\u00bbExo 2|||on|||||\u00a0\u00bb text_text_color=\u00a0\u00bb#fdba5f\u00a0\u00bb text_letter_spacing=\u00a0\u00bb1px\u00a0\u00bb]Offres de missions[\/et_pb_text][et_pb_text _builder_version=\u00a0\u00bb4.4.8&Prime; header_font=\u00a0\u00bbBungee Hairline|600|||||||\u00a0\u00bb header_font_size=\u00a0\u00bb72px\u00a0\u00bb background_layout=\u00a0\u00bbdark\u00a0\u00bb header_font_size_tablet=\u00a0\u00bb48px\u00a0\u00bb header_font_size_phone=\u00a0\u00bb28px\u00a0\u00bb header_font_size_last_edited=\u00a0\u00bbon|desktop\u00a0\u00bb] Nos offres actuelles [\/et_pb_text][et_pb_text _builder_version=\u00a0\u00bb4.7.7&Prime; text_font=\u00a0\u00bbPT Sans||||||||\u00a0\u00bb text_font_size=\u00a0\u00bb18px\u00a0\u00bb text_line_height=\u00a0\u00bb1.8em\u00a0\u00bb background_layout=\u00a0\u00bbdark\u00a0\u00bb min_height=\u00a0\u00bb130px\u00a0\u00bb text_font_size_tablet=\u00a0\u00bb15px\u00a0\u00bb text_font_size_phone=\u00a0\u00bb14px\u00a0\u00bb text_font_size_last_edited=\u00a0\u00bbon|phone\u00a0\u00bb]Les offres [&hellip;]\" \/>\n<meta property=\"og:url\" content=\"https:\/\/azara.ma\/en\/nos-offres\/\" \/>\n<meta property=\"og:site_name\" content=\"AZARA Consulting\" \/>\n<meta property=\"article:modified_time\" content=\"2025-02-21T06:41:56+00:00\" \/>\n<meta name=\"twitter:card\" content=\"summary_large_image\" \/>\n<meta name=\"twitter:site\" content=\"@AzaraConsulting\" \/>\n<meta name=\"twitter:label1\" content=\"Est. reading time\" \/>\n\t<meta name=\"twitter:data1\" content=\"1 minute\" \/>\n<script type=\"application\/ld+json\" class=\"yoast-schema-graph\">{\"@context\":\"https:\/\/schema.org\",\"@graph\":[{\"@type\":\"WebPage\",\"@id\":\"https:\/\/azara.ma\/nos-offres\/\",\"url\":\"https:\/\/azara.ma\/nos-offres\/\",\"name\":\"Nos offres - AZARA Consulting\",\"isPartOf\":{\"@id\":\"https:\/\/azara.ma\/#website\"},\"datePublished\":\"2021-02-03T15:31:35+00:00\",\"dateModified\":\"2025-02-21T06:41:56+00:00\",\"breadcrumb\":{\"@id\":\"https:\/\/azara.ma\/nos-offres\/#breadcrumb\"},\"inLanguage\":\"en-US\",\"potentialAction\":[{\"@type\":\"ReadAction\",\"target\":[\"https:\/\/azara.ma\/nos-offres\/\"]}]},{\"@type\":\"BreadcrumbList\",\"@id\":\"https:\/\/azara.ma\/nos-offres\/#breadcrumb\",\"itemListElement\":[{\"@type\":\"ListItem\",\"position\":1,\"name\":\"Accueil\",\"item\":\"https:\/\/azara.ma\/\"},{\"@type\":\"ListItem\",\"position\":2,\"name\":\"Nos offres\"}]},{\"@type\":\"WebSite\",\"@id\":\"https:\/\/azara.ma\/#website\",\"url\":\"https:\/\/azara.ma\/\",\"name\":\"AZARA Consulting\",\"description\":\"Transformation Digitale et Agile\",\"publisher\":{\"@id\":\"https:\/\/azara.ma\/#organization\"},\"potentialAction\":[{\"@type\":\"SearchAction\",\"target\":{\"@type\":\"EntryPoint\",\"urlTemplate\":\"https:\/\/azara.ma\/?s={search_term_string}\"},\"query-input\":\"required name=search_term_string\"}],\"inLanguage\":\"en-US\"},{\"@type\":\"Organization\",\"@id\":\"https:\/\/azara.ma\/#organization\",\"name\":\"AZARA Consultng\",\"url\":\"https:\/\/azara.ma\/\",\"logo\":{\"@type\":\"ImageObject\",\"inLanguage\":\"en-US\",\"@id\":\"https:\/\/azara.ma\/#\/schema\/logo\/image\/\",\"url\":\"https:\/\/azara.ma\/wp-content\/uploads\/2021\/03\/azara-consulting-logo-nouveau.png\",\"contentUrl\":\"https:\/\/azara.ma\/wp-content\/uploads\/2021\/03\/azara-consulting-logo-nouveau.png\",\"width\":1034,\"height\":244,\"caption\":\"AZARA Consultng\"},\"image\":{\"@id\":\"https:\/\/azara.ma\/#\/schema\/logo\/image\/\"},\"sameAs\":[\"https:\/\/twitter.com\/AzaraConsulting\",\"https:\/\/www.linkedin.com\/company\/azara-consulting\/mycompany\/\"]}]}<\/script>\n<!-- \/ Yoast SEO plugin. -->","yoast_head_json":{"title":"Nos offres - AZARA Consulting","robots":{"index":"index","follow":"follow","max-snippet":"max-snippet:-1","max-image-preview":"max-image-preview:large","max-video-preview":"max-video-preview:-1"},"canonical":"https:\/\/azara.ma\/en\/nos-offres\/","og_locale":"en_US","og_type":"article","og_title":"Nos offres - AZARA Consulting","og_description":"[et_pb_section fb_built=\u00a0\u00bb1&Prime; custom_padding_last_edited=\u00a0\u00bbon|tablet\u00a0\u00bb admin_label=\u00a0\u00bbHeader\u00a0\u00bb _builder_version=\u00a0\u00bb4.4.8&Prime; use_background_color_gradient=\u00a0\u00bbon\u00a0\u00bb background_color_gradient_start=\u00a0\u00bb#001b56&Prime; background_color_gradient_end=\u00a0\u00bb#0e4de3&Prime; background_color_gradient_start_position=\u00a0\u00bb28%\u00a0\u00bb background_image=\u00a0\u00bbhttp:\/\/refonte.azara.ma\/wp-content\/uploads\/2021\/02\/robotics-05-1.png\u00a0\u00bb background_size=\u00a0\u00bbinitial\u00a0\u00bb background_position=\u00a0\u00bbbottom_right\u00a0\u00bb width=\u00a0\u00bb90%\u00a0\u00bb custom_margin=\u00a0\u00bb||8vw||false|false\u00a0\u00bb custom_margin_last_edited=\u00a0\u00bboff|tablet\u00a0\u00bb custom_padding=\u00a0\u00bb6vw||6vw|10vw|true|false\u00a0\u00bb custom_padding_tablet=\u00a0\u00bb|10vw||10vw|false|true\u00a0\u00bb custom_padding_phone=\u00a0\u00bb\u00a0\u00bb locked=\u00a0\u00bboff\u00a0\u00bb][et_pb_row column_structure=\u00a0\u00bb1_2,1_2&Prime; _builder_version=\u00a0\u00bb4.7.7&Prime; width=\u00a0\u00bb100%\u00a0\u00bb][et_pb_column type=\u00a0\u00bb1_2&Prime; _builder_version=\u00a0\u00bb4.4.8&Prime; z_index=\u00a0\u00bb11&Prime;][et_pb_text _builder_version=\u00a0\u00bb4.7.7&Prime; text_font=\u00a0\u00bbExo 2|||on|||||\u00a0\u00bb text_text_color=\u00a0\u00bb#fdba5f\u00a0\u00bb text_letter_spacing=\u00a0\u00bb1px\u00a0\u00bb]Offres de missions[\/et_pb_text][et_pb_text _builder_version=\u00a0\u00bb4.4.8&Prime; header_font=\u00a0\u00bbBungee Hairline|600|||||||\u00a0\u00bb header_font_size=\u00a0\u00bb72px\u00a0\u00bb background_layout=\u00a0\u00bbdark\u00a0\u00bb header_font_size_tablet=\u00a0\u00bb48px\u00a0\u00bb header_font_size_phone=\u00a0\u00bb28px\u00a0\u00bb header_font_size_last_edited=\u00a0\u00bbon|desktop\u00a0\u00bb] Nos offres actuelles [\/et_pb_text][et_pb_text _builder_version=\u00a0\u00bb4.7.7&Prime; text_font=\u00a0\u00bbPT Sans||||||||\u00a0\u00bb text_font_size=\u00a0\u00bb18px\u00a0\u00bb text_line_height=\u00a0\u00bb1.8em\u00a0\u00bb background_layout=\u00a0\u00bbdark\u00a0\u00bb min_height=\u00a0\u00bb130px\u00a0\u00bb text_font_size_tablet=\u00a0\u00bb15px\u00a0\u00bb text_font_size_phone=\u00a0\u00bb14px\u00a0\u00bb text_font_size_last_edited=\u00a0\u00bbon|phone\u00a0\u00bb]Les offres [&hellip;]","og_url":"https:\/\/azara.ma\/en\/nos-offres\/","og_site_name":"AZARA Consulting","article_modified_time":"2025-02-21T06:41:56+00:00","twitter_card":"summary_large_image","twitter_site":"@AzaraConsulting","twitter_misc":{"Est. reading time":"1 minute"},"schema":{"@context":"https:\/\/schema.org","@graph":[{"@type":"WebPage","@id":"https:\/\/azara.ma\/nos-offres\/","url":"https:\/\/azara.ma\/nos-offres\/","name":"Nos offres - AZARA Consulting","isPartOf":{"@id":"https:\/\/azara.ma\/#website"},"datePublished":"2021-02-03T15:31:35+00:00","dateModified":"2025-02-21T06:41:56+00:00","breadcrumb":{"@id":"https:\/\/azara.ma\/nos-offres\/#breadcrumb"},"inLanguage":"en-US","potentialAction":[{"@type":"ReadAction","target":["https:\/\/azara.ma\/nos-offres\/"]}]},{"@type":"BreadcrumbList","@id":"https:\/\/azara.ma\/nos-offres\/#breadcrumb","itemListElement":[{"@type":"ListItem","position":1,"name":"Accueil","item":"https:\/\/azara.ma\/"},{"@type":"ListItem","position":2,"name":"Nos offres"}]},{"@type":"WebSite","@id":"https:\/\/azara.ma\/#website","url":"https:\/\/azara.ma\/","name":"AZARA Consulting","description":"Transformation Digitale et Agile","publisher":{"@id":"https:\/\/azara.ma\/#organization"},"potentialAction":[{"@type":"SearchAction","target":{"@type":"EntryPoint","urlTemplate":"https:\/\/azara.ma\/?s={search_term_string}"},"query-input":"required name=search_term_string"}],"inLanguage":"en-US"},{"@type":"Organization","@id":"https:\/\/azara.ma\/#organization","name":"AZARA Consultng","url":"https:\/\/azara.ma\/","logo":{"@type":"ImageObject","inLanguage":"en-US","@id":"https:\/\/azara.ma\/#\/schema\/logo\/image\/","url":"https:\/\/azara.ma\/wp-content\/uploads\/2021\/03\/azara-consulting-logo-nouveau.png","contentUrl":"https:\/\/azara.ma\/wp-content\/uploads\/2021\/03\/azara-consulting-logo-nouveau.png","width":1034,"height":244,"caption":"AZARA Consultng"},"image":{"@id":"https:\/\/azara.ma\/#\/schema\/logo\/image\/"},"sameAs":["https:\/\/twitter.com\/AzaraConsulting","https:\/\/www.linkedin.com\/company\/azara-consulting\/mycompany\/"]}]}},"_links":{"self":[{"href":"https:\/\/azara.ma\/en\/wp-json\/wp\/v2\/pages\/65"}],"collection":[{"href":"https:\/\/azara.ma\/en\/wp-json\/wp\/v2\/pages"}],"about":[{"href":"https:\/\/azara.ma\/en\/wp-json\/wp\/v2\/types\/page"}],"author":[{"embeddable":true,"href":"https:\/\/azara.ma\/en\/wp-json\/wp\/v2\/users\/1"}],"replies":[{"embeddable":true,"href":"https:\/\/azara.ma\/en\/wp-json\/wp\/v2\/comments?post=65"}],"version-history":[{"count":18,"href":"https:\/\/azara.ma\/en\/wp-json\/wp\/v2\/pages\/65\/revisions"}],"predecessor-version":[{"id":2702,"href":"https:\/\/azara.ma\/en\/wp-json\/wp\/v2\/pages\/65\/revisions\/2702"}],"wp:attachment":[{"href":"https:\/\/azara.ma\/en\/wp-json\/wp\/v2\/media?parent=65"}],"curies":[{"name":"wp","href":"https:\/\/api.w.org\/{rel}","templated":true}]}}